{"id":41,"date":"2014-04-08T14:43:11","date_gmt":"2014-04-08T14:43:11","guid":{"rendered":"http:\/\/patriciavandalen.com\/es\/?page_id=41"},"modified":"2026-03-25T09:43:40","modified_gmt":"2026-03-25T13:43:40","slug":"home","status":"publish","type":"page","link":"https:\/\/patriciavandalen.com\/es\/","title":{"rendered":""},"content":{"rendered":"<p style=\"text-align: center;\"><code><div aria-live=\"polite\" id=\"soliloquy-container-240\" class=\"soliloquy-container soliloquy-transition-fade  soliloquy-theme-classic\" style=\"max-width:960px;max-height:460px;\"><ul id=\"soliloquy-240\" class=\"soliloquy-slider soliloquy-slides soliloquy-wrap soliloquy-clear\"><li aria-hidden=\"true\" class=\"soliloquy-item soliloquy-item-1 soliloquy-image-slide\" draggable=\"false\" style=\"list-style:none\"><a href=\"https:\/\/patriciavandalen.com\/es\/sewings-2\/\" class=\"soliloquy-link\" title=\"sewings m 22-2022\" target=\"_blank\"><img id=\"soliloquy-image-7010\" class=\"soliloquy-image soliloquy-image-1\" src=\"https:\/\/patriciavandalen.com\/es\/wp-content\/uploads\/2025\/07\/sewings-m-22-2022-960x460_c.jpg\" rel=\"lightbox41\" alt=\"sewings m 22-2022\" \/><\/a><\/li><li aria-hidden=\"true\" class=\"soliloquy-item soliloquy-item-2 soliloquy-image-slide\" draggable=\"false\" style=\"list-style:none\"><a href=\"https:\/\/patriciavandalen.com\/es\/serie-ventana\/\" class=\"soliloquy-link\" title=\"Ventana 2020\" target=\"_blank\"><img id=\"soliloquy-image-7011\" class=\"soliloquy-image soliloquy-image-2\" src=\"https:\/\/patriciavandalen.com\/es\/wp-content\/uploads\/2025\/07\/Ventana-2020-scaled-960x460_c.jpg\" rel=\"lightbox41\" alt=\"Ventana 2020\" \/><\/a><\/li><li aria-hidden=\"true\" class=\"soliloquy-item soliloquy-item-3 soliloquy-image-slide\" draggable=\"false\" style=\"list-style:none\"><a href=\"https:\/\/patriciavandalen.com\/es\/serie-sistema\" class=\"soliloquy-link\" title=\"SISTEMA\" target=\"_blank\"><img id=\"soliloquy-image-6379\" class=\"soliloquy-image soliloquy-image-3\" src=\"https:\/\/patriciavandalen.com\/es\/wp-content\/uploads\/2023\/06\/SISTEMA-scaled-960x460_c.jpg\" rel=\"lightbox41\" alt=\"SISTEMA\" \/><\/a><\/li><li aria-hidden=\"true\" class=\"soliloquy-item soliloquy-item-4 soliloquy-image-slide\" draggable=\"false\" style=\"list-style:none\"><a href=\"https:\/\/patriciavandalen.com\/es\/mural-jardin-luminico-etapa-i\/\" class=\"soliloquy-link\" title=\"mural JARD\u00cdN LUM\u00cdNICO\" target=\"_blank\"><img id=\"soliloquy-image-6637\" class=\"soliloquy-image soliloquy-image-4\" src=\"https:\/\/patriciavandalen.com\/es\/wp-content\/uploads\/2024\/05\/mural-autopista-copy-2-scaled-960x460_c.jpg\" rel=\"lightbox41\" alt=\"mural autopista\" \/><\/a><\/li><li aria-hidden=\"true\" class=\"soliloquy-item soliloquy-item-5 soliloquy-image-slide\" draggable=\"false\" style=\"list-style:none\"><a href=\"https:\/\/patriciavandalen.com\/es\/new-luminous-island\/\" class=\"soliloquy-link\" title=\"New Luminous Island\" target=\"_blank\"><img id=\"soliloquy-image-6371\" class=\"soliloquy-image soliloquy-image-5\" src=\"https:\/\/patriciavandalen.com\/es\/wp-content\/uploads\/2023\/06\/New-Luminous-Island-960x460_c.jpg\" rel=\"lightbox41\" alt=\"New Luminous Island\" \/><\/a><\/li><li aria-hidden=\"true\" class=\"soliloquy-item soliloquy-item-6 soliloquy-image-slide\" draggable=\"false\" style=\"list-style:none\"><a href=\"https:\/\/patriciavandalen.com\/es\/parque-del-este-2\/\" class=\"soliloquy-link\" title=\"Patricia Van Dalen, Parque del Este, 2016\" target=\"_blank\"><img id=\"soliloquy-image-5464\" class=\"soliloquy-image soliloquy-image-6\" src=\"https:\/\/patriciavandalen.com\/es\/wp-content\/uploads\/2021\/07\/Patricia-Van-Dalen-Parque-del-Este-2016.jpg\" rel=\"lightbox41\" alt=\"Parque del Este, 2016\" \/><\/a><\/li><li aria-hidden=\"true\" class=\"soliloquy-item soliloquy-item-7 soliloquy-image-slide\" draggable=\"false\" style=\"list-style:none\"><a href=\"https:\/\/patriciavandalen.com\/es\/jardin-estelar-4\/\" class=\"soliloquy-link\" title=\"CASA CASTILLO HOME\" target=\"_blank\"><img id=\"soliloquy-image-6643\" class=\"soliloquy-image soliloquy-image-7\" src=\"https:\/\/patriciavandalen.com\/es\/wp-content\/uploads\/2024\/05\/CASA-CASTILLO-HOME-960x460_c.jpg\" rel=\"lightbox41\" alt=\"CASA CASTILLO HOME\" \/><\/a><\/li><\/ul><\/div><noscript><style type=\"text\/css\">#soliloquy-container-240{opacity:1}<\/style><\/noscript><\/code><\/p>\n<p>&nbsp;<\/p>\n<p><strong>Patricia Van Dalen<\/strong> <span style=\"color: #ff6600;\">(n. 1955, Maracaibo) es una artista venezolana-neerlandesa cuya pr\u00e1ctica explora estructuras, sistemas y fragmentaci\u00f3n a trav\u00e9s de la pintura, el collage, el ensamblaje y las intervenciones a gran escala en entornos naturales y construidos. Su obra alcanz\u00f3 un amplio reconocimiento a partir de los a\u00f1os ochenta, consolid\u00e1ndose durante los noventa y los dos mil con hitos como el mural a escala urbana <em>Jard\u00edn Lum\u00ednico<\/em> (2004\u20132005) en Caracas, que ejemplifica su s\u00edntesis entre abstracci\u00f3n y espacio p\u00fablico. Van Dalen vive y trabaja en Miami, donde contin\u00faa articulando una gram\u00e1tica visual de restricci\u00f3n y adaptaci\u00f3n, con el color como eje estructural y unificador de su obra.<\/span><\/p>\n<p>&nbsp;<\/p>\n<div class=\"su-row\">\n<div class=\"su-column su-column-size-1-4\"><div class=\"su-column-inner su-u-clearfix su-u-trim\">\n<a href=\"https:\/\/patriciavandalen.com\/es\/alfombras-de-patricia-van-dalen\/\" target=\"_blank\" rel=\"noopener\"><img loading=\"lazy\" class=\"alignnone wp-image-7006\" src=\"https:\/\/patriciavandalen.com\/es\/wp-content\/uploads\/2025\/07\/alfombras-rugs-300x300.jpg\" title=\"\" rel=\"lightbox41\" alt=\"\" width=\"207\" height=\"207\" srcset=\"https:\/\/patriciavandalen.com\/es\/wp-content\/uploads\/2025\/07\/alfombras-rugs-300x300.jpg 300w, https:\/\/patriciavandalen.com\/es\/wp-content\/uploads\/2025\/07\/alfombras-rugs-150x150.jpg 150w, https:\/\/patriciavandalen.com\/es\/wp-content\/uploads\/2025\/07\/alfombras-rugs-64x64.jpg 64w, https:\/\/patriciavandalen.com\/es\/wp-content\/uploads\/2025\/07\/alfombras-rugs.jpg 735w\" sizes=\"(max-width: 207px) 100vw, 207px\" \/><\/a><\/p>\n<\/div><\/div>\n<div class=\"su-column su-column-size-1-4\"><div class=\"su-column-inner su-u-clearfix su-u-trim\">\n<a href=\"https:\/\/patriciavandalen.com\/es\/ceramicas-de-iznik\/\" target=\"_blank\" rel=\"noopener\"><img loading=\"lazy\" class=\"alignnone wp-image-6811\" src=\"https:\/\/patriciavandalen.com\/es\/wp-content\/uploads\/2024\/11\/Iznik-tile-300x300.jpg\" title=\"\" rel=\"lightbox41\" alt=\"\" width=\"208\" height=\"208\" srcset=\"https:\/\/patriciavandalen.com\/es\/wp-content\/uploads\/2024\/11\/Iznik-tile-300x300.jpg 300w, https:\/\/patriciavandalen.com\/es\/wp-content\/uploads\/2024\/11\/Iznik-tile-1024x1022.jpg 1024w, https:\/\/patriciavandalen.com\/es\/wp-content\/uploads\/2024\/11\/Iznik-tile-150x150.jpg 150w, https:\/\/patriciavandalen.com\/es\/wp-content\/uploads\/2024\/11\/Iznik-tile-768x767.jpg 768w, https:\/\/patriciavandalen.com\/es\/wp-content\/uploads\/2024\/11\/Iznik-tile-64x64.jpg 64w, https:\/\/patriciavandalen.com\/es\/wp-content\/uploads\/2024\/11\/Iznik-tile.jpg 1296w\" sizes=\"(max-width: 208px) 100vw, 208px\" \/><\/a><br \/>\n<\/div><\/div>\n<div class=\"su-column su-column-size-1-4\"><div class=\"su-column-inner su-u-clearfix su-u-trim\">\n<p><a href=\"https:\/\/patriciavandalen.com\/es\/talleres\/\" target=\"_blank\" rel=\"noopener\"><img loading=\"lazy\" class=\"alignnone wp-image-7143\" src=\"https:\/\/patriciavandalen.com\/es\/wp-content\/uploads\/2026\/03\/CONVERSACIO\u0301N-SOBRE-EL-COLOR-300x290.jpg\" title=\"\" rel=\"lightbox41\" alt=\"\" width=\"214\" height=\"207\" srcset=\"https:\/\/patriciavandalen.com\/es\/wp-content\/uploads\/2026\/03\/CONVERSACIO\u0301N-SOBRE-EL-COLOR-300x290.jpg 300w, https:\/\/patriciavandalen.com\/es\/wp-content\/uploads\/2026\/03\/CONVERSACIO\u0301N-SOBRE-EL-COLOR-768x741.jpg 768w, https:\/\/patriciavandalen.com\/es\/wp-content\/uploads\/2026\/03\/CONVERSACIO\u0301N-SOBRE-EL-COLOR.jpg 894w\" sizes=\"(max-width: 214px) 100vw, 214px\" \/><\/a><br \/>\n<\/div><\/div>\n<div class=\"su-column su-column-size-1-4\"><div class=\"su-column-inner su-u-clearfix su-u-trim\">\n<p><a href=\"https:\/\/patriciavandalen.com\/es\/flower-square-en-luminous-gardens-2\/\" target=\"_blank\" rel=\"noopener\"><img loading=\"lazy\" class=\"alignnone wp-image-6774\" src=\"https:\/\/patriciavandalen.com\/es\/wp-content\/uploads\/2024\/10\/LUMINOUS-GARDENS-2003-1024x1024.jpg\" title=\"\" rel=\"lightbox41\" alt=\"\" width=\"209\" height=\"209\" srcset=\"https:\/\/patriciavandalen.com\/es\/wp-content\/uploads\/2024\/10\/LUMINOUS-GARDENS-2003-1024x1024.jpg 1024w, https:\/\/patriciavandalen.com\/es\/wp-content\/uploads\/2024\/10\/LUMINOUS-GARDENS-2003-300x300.jpg 300w, https:\/\/patriciavandalen.com\/es\/wp-content\/uploads\/2024\/10\/LUMINOUS-GARDENS-2003-150x150.jpg 150w, https:\/\/patriciavandalen.com\/es\/wp-content\/uploads\/2024\/10\/LUMINOUS-GARDENS-2003-768x768.jpg 768w, https:\/\/patriciavandalen.com\/es\/wp-content\/uploads\/2024\/10\/LUMINOUS-GARDENS-2003-1536x1536.jpg 1536w, https:\/\/patriciavandalen.com\/es\/wp-content\/uploads\/2024\/10\/LUMINOUS-GARDENS-2003-2048x2048.jpg 2048w, https:\/\/patriciavandalen.com\/es\/wp-content\/uploads\/2024\/10\/LUMINOUS-GARDENS-2003-64x64.jpg 64w\" sizes=\"(max-width: 209px) 100vw, 209px\" \/><\/a><br \/>\n<\/div><\/div>\n<div class=\"su-column su-column-size-1-4\"><div class=\"su-column-inner su-u-clearfix su-u-trim\"><\/div><\/div>\n<\/div>\n<p><img loading=\"lazy\" class=\"alignleft\" src=\"https:\/\/patriciavandalen.com\/es\/wp-content\/uploads\/2023\/08\/redes.png\" alt=\"\" usemap=\"#redescf6b2150\" width=\"150\" height=\"30\" border=\"0\" \/><a href=\"https:\/\/www.instagram.com\/patricia.van.dalen\" target=\"_blank\" rel=\"noopener\" data-wp-editing=\"1\"><img loading=\"lazy\" class=\"alignnone wp-image-4348\" src=\"https:\/\/patriciavandalen.com\/es\/wp-content\/uploads\/2014\/04\/instagrama-home-web.jpg\" title=\"\" rel=\"lightbox41\" alt=\"\" width=\"29\" height=\"29\" srcset=\"https:\/\/patriciavandalen.com\/es\/wp-content\/uploads\/2014\/04\/instagrama-home-web.jpg 292w, https:\/\/patriciavandalen.com\/es\/wp-content\/uploads\/2014\/04\/instagrama-home-web-150x150.jpg 150w\" sizes=\"(max-width: 29px) 100vw, 29px\" \/><\/a><\/p>\n<map name=\"redescf6b2150\">\n<area alt=\"\" coords=\"184,4,219,26\" shape=\"rect\" href=\"#\" \/>\n<area alt=\"\" coords=\"50,33,86,55\" shape=\"rect\" href=\"#\" \/>\n<area alt=\"\" coords=\"116,3,147,25\" shape=\"rect\" href=\"http:\/\/vimeo.com\/user5410747\" \/>\n<area alt=\"\" coords=\"75,3,103,25\" shape=\"rect\" href=\"https:\/\/www.youtube.com\/channel\/UC4PWZJdX-9VZtGU45aYBkTw\" \/>\n<area alt=\"\" coords=\"37,3,64,25\" shape=\"rect\" href=\"https:\/\/www.linkedin.com\/in\/patricia-van-dalen-b437a65\/\" \/>\n<area alt=\"\" coords=\"1,3,27,25\" shape=\"rect\" href=\"https:\/\/www.facebook.com\/pvandalen\" \/>\n<area alt=\"\" coords=\"1,3,27,25\" shape=\"rect\" href=\"https:\/\/www.instagram.com\/patricia.van.dalen\" \/> <\/map>\n","protected":false},"excerpt":{"rendered":"<p>&nbsp; Patricia Van Dalen (n. 1955, Maracaibo) es una artista venezolana-neerlandesa cuya pr\u00e1ctica explora estructuras, sistemas y fragmentaci\u00f3n a trav\u00e9s de la pintura, el collage, el ensamblaje y las intervenciones a gran escala en entornos naturales y construidos. Su obra alcanz\u00f3 un amplio reconocimiento a partir de los a\u00f1os ochenta, consolid\u00e1ndose durante los noventa y [&hellip;]<\/p>\n","protected":false},"author":1,"featured_media":7010,"parent":0,"menu_order":0,"comment_status":"closed","ping_status":"closed","template":"page-full.php","meta":[],"_links":{"self":[{"href":"https:\/\/patriciavandalen.com\/es\/wp-json\/wp\/v2\/pages\/41"}],"collection":[{"href":"https:\/\/patriciavandalen.com\/es\/wp-json\/wp\/v2\/pages"}],"about":[{"href":"https:\/\/patriciavandalen.com\/es\/wp-json\/wp\/v2\/types\/page"}],"author":[{"embeddable":true,"href":"https:\/\/patriciavandalen.com\/es\/wp-json\/wp\/v2\/users\/1"}],"replies":[{"embeddable":true,"href":"https:\/\/patriciavandalen.com\/es\/wp-json\/wp\/v2\/comments?post=41"}],"version-history":[{"count":700,"href":"https:\/\/patriciavandalen.com\/es\/wp-json\/wp\/v2\/pages\/41\/revisions"}],"predecessor-version":[{"id":7147,"href":"https:\/\/patriciavandalen.com\/es\/wp-json\/wp\/v2\/pages\/41\/revisions\/7147"}],"wp:featuredmedia":[{"embeddable":true,"href":"https:\/\/patriciavandalen.com\/es\/wp-json\/wp\/v2\/media\/7010"}],"wp:attachment":[{"href":"https:\/\/patriciavandalen.com\/es\/wp-json\/wp\/v2\/media?parent=41"}],"curies":[{"name":"wp","href":"https:\/\/api.w.org\/{rel}","templated":true}]}}