{"id":11,"date":"2014-03-21T20:12:06","date_gmt":"2014-03-22T00:12:06","guid":{"rendered":"http:\/\/patriciavandalen.com\/es\/?page_id=11"},"modified":"2026-03-08T20:12:00","modified_gmt":"2026-03-09T00:12:00","slug":"trayectoria","status":"publish","type":"page","link":"https:\/\/patriciavandalen.com\/es\/trayectoria\/","title":{"rendered":"Trayectoria"},"content":{"rendered":"<p><a href=\"https:\/\/patriciavandalen.com\/es\/wp-content\/uploads\/2025\/01\/Patricia-Van-Dalen-_-ArtNexus-ES-93-2014.pdf\" target=\"_blank\" rel=\"noopener\"><img loading=\"lazy\" class=\"alignnone wp-image-6740\" src=\"https:\/\/patriciavandalen.com\/es\/wp-content\/uploads\/2024\/08\/retrato-website-2024-1024x867.jpg\" title=\"\" rel=\"lightbox11\" alt=\"\" width=\"270\" height=\"228\" srcset=\"https:\/\/patriciavandalen.com\/es\/wp-content\/uploads\/2024\/08\/retrato-website-2024-1024x867.jpg 1024w, https:\/\/patriciavandalen.com\/es\/wp-content\/uploads\/2024\/08\/retrato-website-2024-300x254.jpg 300w, https:\/\/patriciavandalen.com\/es\/wp-content\/uploads\/2024\/08\/retrato-website-2024-768x650.jpg 768w, https:\/\/patriciavandalen.com\/es\/wp-content\/uploads\/2024\/08\/retrato-website-2024-1536x1300.jpg 1536w, https:\/\/patriciavandalen.com\/es\/wp-content\/uploads\/2024\/08\/retrato-website-2024.jpg 1548w\" sizes=\"(max-width: 270px) 100vw, 270px\" \/><\/a><a href=\"https:\/\/patriciavandalen.com\/es\/wp-content\/uploads\/2024\/11\/Curriculum-PatriciaVanDalen-2024.pdf\" target=\"_blank\" rel=\"noopener\"><img loading=\"lazy\" class=\"alignnone wp-image-2063\" style=\"margin-top: 20px; margin-bottom: 20px;\" src=\"https:\/\/patriciavandalen.com\/es\/wp-content\/uploads\/2014\/03\/ver-cv-1.jpg\" title=\"\" rel=\"lightbox11\" alt=\"\" width=\"73\" height=\"27\" \/><\/a><\/p>\n<p><strong data-start=\"90\" data-end=\"112\">Patricia Van Dalen<\/strong> (Maracaibo, Venezuela) es una artista visual radicada en Miami, Estados Unidos, con una trayectoria que abarca cuatro d\u00e9cadas. Van Dalen es reconocida como una figura clave del arte venezolano de las d\u00e9cadas de 1980 y 1990, y mantiene \u00a0una pr\u00e1ctica art\u00edstica prol\u00edfica y vigente. El mural urbano de gran escala <em data-start=\"408\" data-end=\"425\">Jard\u00edn Lum\u00ednico<\/em> (2004\u20132005), en Caracas, es una emblem\u00e1tica obra p\u00fablica de su autor\u00eda.<\/p>\n<p>En 1977, Van Dalen complet\u00f3 una carrera de cuatro a\u00f1os en dise\u00f1o gr\u00e1fico en el Instituto de Dise\u00f1o IDD, Fundaci\u00f3n Neumann-INCE, en Caracas, Venezuela \u2014una instituci\u00f3n pionera en la educaci\u00f3n del dise\u00f1o y las artes visuales en Am\u00e9rica Latina. Entre 1980 y 1986, Van Dalen se form\u00f3 y colabor\u00f3 con el artista Yaacov Agam en un innovador programa de educaci\u00f3n visual en Par\u00eds, Francia. Desde 2011, reside en Estados Unidos.<\/p>\n<p>Su trabajo art\u00edstico ha sido objeto de numerosas exposiciones individuales en Venezuela y Estados Unidos, entre ellas: <strong>Patricia<\/strong> <strong>Van<\/strong> <strong>Dalen<\/strong>, Sala RG, Centro R\u00f3mulo Gallegos, Caracas, 1991; <strong>Hurac\u00e1n<\/strong>, Galer\u00eda UNO, Caracas, 1992; <strong>Primavera<\/strong>, Sala Mendoza, 1993; <strong>Casa\/Jard\u00edn\/Ventanas<\/strong>, Universidad Sim\u00f3n Bol\u00edvar, Caracas, 1998; <strong>Del<\/strong> <strong>cosmos<\/strong> <strong>al<\/strong> <strong>jard\u00edn<\/strong>, Museo de los Ni\u00f1os, Caracas, 1999; <strong>Luminous<\/strong> <strong>Gardens<\/strong>, Fairchild Tropical Garden, Miami, 2003; <strong>Color<\/strong> <strong>fragmentado<\/strong>, Sala TAC Fundaci\u00f3n Trasnocho Cultural, Caracas, 2008; <strong>Colecci\u00f3n<\/strong> <strong>primavera-verano 2010<\/strong>, Galer\u00eda La Cuadra, Caracas, 2010; <strong>El<\/strong> <strong>color<\/strong> <strong>como<\/strong> <strong>estructura<\/strong>, en dos sedes: Centro Cultural Chacao-La Caja y GBG Arts, Caracas, 2012; <strong>High<\/strong> <strong>Voltage<\/strong>, ArtMedia Gallery, Miami, 2013; <strong>Ride<\/strong> <strong>the<\/strong> <strong>rail<\/strong>, ArtMedia Gallery, Miami, 2017. Ha realizado proyectos especiales como el\u00a0<strong>Operativo Grapas<\/strong>, una exposici\u00f3n interactiva de obras engrapadas, en Miami, 2026; el proyecto especial <strong>Abstract Cabinet. Patricia Van Dalen &amp; Emilio Narciso: Duo Project<\/strong>, en Imago Gallery, en Miami, 2018; <strong>(en)grapadas<\/strong>, una selecci\u00f3n de obras engrapadas, en Cesta Rep\u00fablica, Madrid, 2019; y la creaci\u00f3n de <strong>Cer\u00e1micas de Iznik para la Colecci\u00f3n de Cer\u00e1micas Modernas<\/strong>, Fundaci\u00f3n Iznik, en Turqu\u00eda, 2019.<\/p>\n<p>Van Dalen ha participado en numerosas exposiciones colectivas, ferias y salones de arte en diversos pa\u00edses, tales como Bienal de Guayana, Sal\u00f3n Aragua y Sal\u00f3n Michelena en Venezuela; Salon Grands et Jeunes d\u2019Aujourd\u2019hui, y Salon de la Peinture Cagnes-sur-Mer, en Francia; Novos Valores da Arte Latino-Americana, en Brasil; Bienal de Estandartes, en M\u00e9xico; Estampa, y Arco, en Espa\u00f1a; Bienal Barro de Am\u00e9rica Roberto Guevara, en Venezuela y Brasil, ARCO en Madrid y PINTA, en Miami. Las exposiciones colectivas m\u00e1s recientes son la <strong>IV Triennial Art in Golf<\/strong>, Arte FITS Foundation, Puerto Rico, 2021; <strong>For Now: Contemporary Venezuelan Art from the Miami Diaspora<\/strong>\u00a0en el Museo de Coral Gables, EUA, 2019; y\u00a0<strong>Referencias cruzadas. Arte Contempor\u00e1neo de Venezuela<\/strong>, Museo de Arte Contempor\u00e1neo de Panam\u00e1, 2020.<\/p>\n<p>Adem\u00e1s de una extensa producci\u00f3n de obras sobre tela y papel, representada en colecciones privadas y p\u00fablicas a nivel internacional, Van Dalen ha realizado m\u00faltiples instalaciones ef\u00edmeras en espacios p\u00fablicos, algunas de gran escala, principalmente en Venezuela y Estados Unidos. En 2011, <strong>Fragmented Light<\/strong> fue creada especialmente para el Miller Learning Center, Universidad de Georgia, Athens, Georgia; en 2014, <strong>Natural Intersections<\/strong> para el Jard\u00edn Bot\u00e1nico The Kampong, y <strong>Data Hall<\/strong>\u00a0para el Institute for Data Science and Computing de la Universidad de Miami, ambos en esta ciudad; y en 2022, la intervenci\u00f3n ef\u00edmera<strong> Compass<\/strong> en el jard\u00edn de esculturas de The Society of The Four Arts, en Palm Beach, como la recipiente de la <strong>2022-2023 Beyer Artista-in-Residence.<\/strong><\/p>\n<p>Su inter\u00e9s en la intervenci\u00f3n de espacios arquitect\u00f3nicos ha quedado igualmente de manifiesto mediante la creaci\u00f3n de obras de car\u00e1cter permanente en residencias privadas en Caracas y en Miami, as\u00ed como tambi\u00e9n de murales p\u00fablicos como la obra de escala monumental\u00a0\u00a0<strong>Jard\u00edn Lum\u00ednico<\/strong>, y <strong>Pajaritos<\/strong>, ambos en Caracas, y <strong>Jard\u00edn de Calas<\/strong>, en R\u00edo Caribe, en la costa este de Venezuela. Van Dalen ha dise\u00f1ado tambi\u00e9n un tapiz de gran formato, y varias alfombras, tejidos todos en Francia, bajo comisi\u00f3n especial. La alfombra creada especialmente para un apartamento en Park Avenue, NY, aparece rese\u00f1ada en la prestigiosa revista Architectural Digest en la edici\u00f3n de Diciembre 2016.<\/p>\n<p>A lo largo de su carrera, Van Dalen ha sido merecedora de diversos reconocimientos entre los que se destacan: <strong>Segundo Premio de la II Bienal de Artes Visuales Christian Dior<\/strong>, Caracas, 1991; <strong>Primer Premio del I Sal\u00f3n Nacional de Artes Visuales<\/strong>, Caracas, 1992; <strong>Premio \u00danico del Concurso de Ideas<\/strong> para la Galer\u00eda-Mural de la Autopista Prados del Este, Caracas, 2001; y <strong>Premio AICA Artista Consagrado 2010<\/strong>, otorgado por la Asociaci\u00f3n Internacional de Cr\u00edticos de Arte \/ Cap\u00edtulo Venezuela.<\/p>\n<p>Van Dalen ha sido docente en la Fundaci\u00f3n Instituto de Dise\u00f1o, en la Escuela de Arquitectura de la Universidad Central de Venezuela, y en la Fundaci\u00f3n Villa Planchart, entre otros en Caracas; y conduce regularmente talleres en su estudio en Miami, as\u00ed como en centros educativos y culturales de la ciudad de Miami como el Miami Dade College, Eduardo J. Padr\u00f3n Campus y West Campus, y el Museum of Art and Design MOAD-MDC. Recientemente, en enero de 2023, realiz\u00f3 los talleres &#8220;(Re)Creando Obras Maestras Modernas&#8221; en The Society of The Four Arts, en Palm Beach, como parte de la <strong>2022-2023 Beyer Artist-in-Residence<\/strong>.<\/p>\n<p>Como artista abstracta, Van Dalen explora en su trabajo la po\u00e9tica de las estructuras a trav\u00e9s de la fragmentaci\u00f3n que afecta la forma, la l\u00ednea, la superficie, el espacio y el color.<\/p>\n<p>&nbsp;<\/p>\n<p><a href=\"https:\/\/patriciavandalen.com\/es\/wp-content\/uploads\/2023\/05\/Curriculum-PatriciaVanDalen-2023.pdf\" target=\"_blank\" rel=\"noopener\"><img loading=\"lazy\" class=\"alignnone wp-image-2064\" src=\"https:\/\/patriciavandalen.com\/es\/wp-content\/uploads\/2014\/03\/ver-cv-1b.jpg\" title=\"see cv 2b\" rel=\"lightbox11\" alt=\"see cv 2b\" width=\"73\" height=\"41\" \/><\/a><\/p>\n<p>&nbsp;<\/p>\n","protected":false},"excerpt":{"rendered":"<p>Patricia Van Dalen (Maracaibo, Venezuela) es una artista visual radicada en Miami, Estados Unidos, con una trayectoria que abarca cuatro d\u00e9cadas. Van Dalen es reconocida como una figura clave del arte venezolano de las d\u00e9cadas de 1980 y 1990, y mantiene \u00a0una pr\u00e1ctica art\u00edstica prol\u00edfica y vigente. El mural urbano de gran escala Jard\u00edn Lum\u00ednico [&hellip;]<\/p>\n","protected":false},"author":1,"featured_media":0,"parent":0,"menu_order":0,"comment_status":"open","ping_status":"closed","template":"","meta":[],"_links":{"self":[{"href":"https:\/\/patriciavandalen.com\/es\/wp-json\/wp\/v2\/pages\/11"}],"collection":[{"href":"https:\/\/patriciavandalen.com\/es\/wp-json\/wp\/v2\/pages"}],"about":[{"href":"https:\/\/patriciavandalen.com\/es\/wp-json\/wp\/v2\/types\/page"}],"author":[{"embeddable":true,"href":"https:\/\/patriciavandalen.com\/es\/wp-json\/wp\/v2\/users\/1"}],"replies":[{"embeddable":true,"href":"https:\/\/patriciavandalen.com\/es\/wp-json\/wp\/v2\/comments?post=11"}],"version-history":[{"count":205,"href":"https:\/\/patriciavandalen.com\/es\/wp-json\/wp\/v2\/pages\/11\/revisions"}],"predecessor-version":[{"id":7110,"href":"https:\/\/patriciavandalen.com\/es\/wp-json\/wp\/v2\/pages\/11\/revisions\/7110"}],"wp:attachment":[{"href":"https:\/\/patriciavandalen.com\/es\/wp-json\/wp\/v2\/media?parent=11"}],"curies":[{"name":"wp","href":"https:\/\/api.w.org\/{rel}","templated":true}]}}