{"id":5495,"date":"2021-05-26T11:09:52","date_gmt":"2021-05-26T15:09:52","guid":{"rendered":"https:\/\/patriciavandalen.com\/en\/?page_id=5495"},"modified":"2026-04-12T14:14:12","modified_gmt":"2026-04-12T18:14:12","slug":"teaching","status":"publish","type":"page","link":"https:\/\/patriciavandalen.com\/en\/teaching\/","title":{"rendered":"workshops"},"content":{"rendered":"<p data-start=\"95\" data-end=\"210\"><span style=\"color: #ff6600;\"><strong style=\"color: #ff6600;\" data-start=\"95\" data-end=\"129\">2026<\/strong><\/span><\/p>\n<p data-start=\"95\" data-end=\"210\">Next event:<\/p>\n<p data-start=\"95\" data-end=\"210\"><a href=\"https:\/\/patriciavandalen.com\/en\/wp-content\/uploads\/2026\/04\/CONVERSACIO\u0301N-SOBRE-EL-COLOR-2.jpg\" title=\"\" rel=\"lightbox5495\" target=\"_blank\" rel=\"noopener\"><img loading=\"lazy\" class=\"alignnone wp-image-8313\" src=\"https:\/\/patriciavandalen.com\/en\/wp-content\/uploads\/2026\/04\/CONVERSACIO\u0301N-SOBRE-EL-COLOR-2.jpg\" alt=\"\" width=\"324\" height=\"313\" srcset=\"https:\/\/patriciavandalen.com\/en\/wp-content\/uploads\/2026\/04\/CONVERSACIO\u0301N-SOBRE-EL-COLOR-2.jpg 894w, https:\/\/patriciavandalen.com\/en\/wp-content\/uploads\/2026\/04\/CONVERSACIO\u0301N-SOBRE-EL-COLOR-2-300x290.jpg 300w, https:\/\/patriciavandalen.com\/en\/wp-content\/uploads\/2026\/04\/CONVERSACIO\u0301N-SOBRE-EL-COLOR-2-768x741.jpg 768w\" sizes=\"(max-width: 324px) 100vw, 324px\" \/><\/a><\/p>\n<p data-start=\"95\" data-end=\"210\"><strong>II Conversation on Color (in Spanish) <\/strong><\/p>\n<p data-start=\"95\" data-end=\"210\">As you may know, I&#8217;ve been an educator since the 1980s in various formats: as a full-time Color teacher and by leading workshops on color as a subject and on visual language, grammar, and culture.<\/p>\n<p>Our second informal Zoom conversation on Color will be in Spanish. The approach I&#8217;ll take to color will be revealed during the talk.<\/p>\n<p><strong>On June 18th, 2026, from 3:30 pm to 4:30 pm (EDT).<\/strong><br \/>\nRegistration is simple: email me your name, and the cost of this talk is $25 via Zelle or PayPal.<\/p>\n<p>For curious minds! info @ patriciavandalen.com<\/p>\n<p data-start=\"95\" data-end=\"210\">\ud83d\udfe0<\/p>\n<p data-start=\"95\" data-end=\"210\"><strong>The first one, on April 9th, 2026, was a success!<\/strong><\/p>\n<p data-start=\"95\" data-end=\"210\"><a href=\"https:\/\/patriciavandalen.com\/en\/wp-content\/uploads\/2026\/03\/CONVERSACIO\u0301N-SOBRE-EL-COLOR.jpg\"><br \/>\n<\/a><a href=\"https:\/\/patriciavandalen.com\/en\/wp-content\/uploads\/2026\/03\/CONVERSACIO\u0301N-SOBRE-EL-COLOR.jpg\" title=\"\" rel=\"lightbox5495\" target=\"_blank\" rel=\"noopener\"><img loading=\"lazy\" class=\"alignnone wp-image-8288\" src=\"https:\/\/patriciavandalen.com\/en\/wp-content\/uploads\/2026\/03\/CONVERSACIO\u0301N-SOBRE-EL-COLOR-300x290.jpg\" alt=\"\" width=\"327\" height=\"316\" srcset=\"https:\/\/patriciavandalen.com\/en\/wp-content\/uploads\/2026\/03\/CONVERSACIO\u0301N-SOBRE-EL-COLOR-300x290.jpg 300w, https:\/\/patriciavandalen.com\/en\/wp-content\/uploads\/2026\/03\/CONVERSACIO\u0301N-SOBRE-EL-COLOR-768x741.jpg 768w, https:\/\/patriciavandalen.com\/en\/wp-content\/uploads\/2026\/03\/CONVERSACIO\u0301N-SOBRE-EL-COLOR.jpg 894w\" sizes=\"(max-width: 327px) 100vw, 327px\" \/><\/a><\/p>\n<p data-start=\"95\" data-end=\"210\"><a href=\"https:\/\/patriciavandalen.com\/en\/wp-content\/uploads\/2026\/04\/239A1985-3D36-4684-B2E2-0782F946D267_1_105_c.jpeg\" title=\"\" rel=\"lightbox5495\"><img loading=\"lazy\" class=\"alignnone wp-image-8309\" src=\"https:\/\/patriciavandalen.com\/en\/wp-content\/uploads\/2026\/04\/239A1985-3D36-4684-B2E2-0782F946D267_1_105_c-1024x661.jpeg\" alt=\"\" width=\"597\" height=\"386\" srcset=\"https:\/\/patriciavandalen.com\/en\/wp-content\/uploads\/2026\/04\/239A1985-3D36-4684-B2E2-0782F946D267_1_105_c-1024x661.jpeg 1024w, https:\/\/patriciavandalen.com\/en\/wp-content\/uploads\/2026\/04\/239A1985-3D36-4684-B2E2-0782F946D267_1_105_c-300x194.jpeg 300w, https:\/\/patriciavandalen.com\/en\/wp-content\/uploads\/2026\/04\/239A1985-3D36-4684-B2E2-0782F946D267_1_105_c-768x496.jpeg 768w, https:\/\/patriciavandalen.com\/en\/wp-content\/uploads\/2026\/04\/239A1985-3D36-4684-B2E2-0782F946D267_1_105_c.jpeg 1104w\" sizes=\"(max-width: 597px) 100vw, 597px\" \/><\/a><\/p>\n<p data-start=\"95\" data-end=\"210\"><strong>I Conversation on Color (in Spanish), o<\/strong><strong>n Zoom, April 9th, 2026.<\/strong><\/p>\n<p data-start=\"139\" data-end=\"335\"><span style=\"color: #333300;\"><strong data-start=\"139\" data-end=\"173\"><br \/>\n<span style=\"color: #ff6600;\"><strong style=\"color: #ff6600;\" data-start=\"95\" data-end=\"129\">2026-2016<\/strong><\/span><\/strong><\/span><\/p>\n<p data-start=\"139\" data-end=\"335\"><span style=\"color: #333300;\"><strong data-start=\"139\" data-end=\"173\"> Dynamics of Visual Language<\/strong><\/span>, a workshop led by artist <strong data-start=\"200\" data-end=\"222\">Patricia Van Dalen <\/strong>in Miami since 2016, invites participants to explore art through observation and hands-on practice\u2014<strong data-start=\"302\" data-end=\"334\">no prior experience required<\/strong>.<\/p>\n<p data-start=\"337\" data-end=\"549\">Through practical exercises, participants explore <strong data-start=\"387\" data-end=\"441\">color, form, composition, and other creative tools<\/strong>, building confidence in their process while learning to <strong data-start=\"498\" data-end=\"548\">see, interpret, and appreciate art in new ways<\/strong>.<\/p>\n<p data-start=\"551\" data-end=\"698\">Classes take place in a <strong data-start=\"575\" data-end=\"612\">dynamic and inspiring environment<\/strong>, offering space to <strong data-start=\"632\" data-end=\"697\">experiment, create, and connect with your own artistic vision<\/strong>.<\/p>\n<p data-start=\"700\" data-end=\"827\"><strong data-start=\"700\" data-end=\"743\">In person in Miami and online via Zoom.<\/strong><br data-start=\"743\" data-end=\"746\" \/><strong>Materials<\/strong> provided in person; online participants receive a materials list.<\/p>\n<p data-start=\"921\" data-end=\"992\"><strong data-start=\"921\" data-end=\"966\">Dates and pricing available upon request:<\/strong> <a class=\"decorated-link cursor-pointer\" rel=\"noopener\" data-start=\"967\" data-end=\"992\">info @ patriciavandalen.com<\/a><\/p>\n<p>&nbsp;<\/p>\n<p><span style=\"font-size: 10pt;\">_ _ _ __ _ _ _ _ _ _ _ _ _ _ _ _ _ _ _<\/span><\/p>\n<p><span style=\"font-size: 10pt;\"><strong>Other workshops.<\/strong><\/span><\/p>\n<p><span style=\"font-size: 10pt;\"><strong>2023<\/strong><\/span><\/p>\n<p><span style=\"font-size: 10pt;\"><a href=\"https:\/\/patriciavandalen.com\/en\/wp-content\/uploads\/2023\/02\/IMG_0119-scaled.jpeg\" title=\"\" rel=\"lightbox5495\"><img loading=\"lazy\" src=\"https:\/\/patriciavandalen.com\/en\/wp-content\/uploads\/2023\/02\/IMG_0119-1024x701.jpeg\" alt=\"\" width=\"1024\" height=\"701\" \/><\/a><\/span><\/p>\n<p>&nbsp;<\/p>\n<p><span style=\"font-size: 10pt;\">In February 2023, Patricia Van Dalen conducted the Color and Pattern workshop with Professor Taurie Gittings&#8217; students at <strong>Miami Dade College<\/strong>, West Campus.<\/span><\/p>\n<p>&nbsp;<\/p>\n<p><span style=\"font-size: 10pt;\">_ _ _ __ _ _ _ _ _ _ _ _ _ _ _ _ _ _ _<\/span><\/p>\n<p>&nbsp;<\/p>\n<p><span style=\"font-size: 10pt;\"><a href=\"https:\/\/fourarts.org\/event\/class-recreating-modern-masterpieces\/\" target=\"_blank\" rel=\"noopener\"><img loading=\"lazy\" src=\"https:\/\/patriciavandalen.com\/en\/wp-content\/uploads\/2022\/12\/Screenshot-2022-12-21-at-9.27.54-AM-1024x693.png\" title=\"\" rel=\"lightbox5495\" alt=\"\" width=\"1024\" height=\"693\" \/><\/a><\/span><\/p>\n<p>&nbsp;<\/p>\n<p><span style=\"font-size: 10pt;\"><strong><a href=\"https:\/\/fourarts.org\/event\/class-recreating-modern-masterpieces\/\">Beyer Artist-in-Residence<\/a><\/strong><\/span><br \/>\n<span style=\"font-size: 10pt;\">The Society of The Four Arts, Palm Beach<\/span><\/p>\n<p><span style=\"font-size: 10pt;\"><strong><a href=\"https:\/\/fourarts.org\/event\/class-recreating-modern-masterpieces\/\" target=\"_blank\" rel=\"noopener\">Workshops: (Re)Creating Modern Masterpieces<\/a><\/strong><\/span><br \/>\n<span style=\"font-size: 10pt;\">This class was for all experience levels, and projects were customized to the student\u2019s preferred materials.<\/span><br \/>\n<span style=\"font-size: 10pt;\">Each class began with an illustrated presentation and discussion to inform and foster the understanding of five modern artists. After analyzing the works, students explored the significance of art production by recreating the compositions using different, novel materials.<\/span><\/p>\n<p>&nbsp;<\/p>\n<p><span style=\"font-size: 10pt;\">_ _ _ __ _ _ _ _ _ _ _ _ _ _ _ _ _ _ _<\/span><\/p>\n<p><span style=\"font-size: 10pt;\"><strong>2022<\/strong><\/span><\/p>\n<p><span style=\"font-size: 10pt;\"><a href=\"https:\/\/patriciavandalen.com\/en\/wp-content\/uploads\/2022\/03\/D79B9115-0292-4083-AD30-E06A1771FC3E-1.jpg\" title=\"\" rel=\"lightbox5495\" target=\"_blank\" rel=\"noopener\"><img loading=\"lazy\" src=\"https:\/\/patriciavandalen.com\/en\/wp-content\/uploads\/2022\/03\/D79B9115-0292-4083-AD30-E06A1771FC3E-1-1024x683.jpg\" alt=\"\" width=\"1024\" height=\"683\" \/><\/a><\/span><\/p>\n<p><span style=\"font-size: 10pt;\">Photo credit: Oriol Tarridas<\/span><\/p>\n<p><span style=\"font-size: 10pt;\"><strong>Artist instructor at the <a href=\"https:\/\/moadmdc.org\/\" target=\"_blank\" rel=\"noopener\">Museum of Art and Design<\/a> MoAD-MDC<\/strong><\/span><\/p>\n<p><span style=\"font-size: 10pt;\">The artist worked with the children and their families on the Wonder Box, an art project specially designed for this <a href=\"https:\/\/moadmdc.org\/learn\/free-family-programs\">Free Family Program<\/a> on Sunday, March 20, 2022.<\/span><\/p>\n<p><span style=\"font-size: 10pt;\"><strong>Museum of Art and Design<\/strong><\/span><br \/>\n<span style=\"font-size: 10pt;\">Miami Dade College<\/span><br \/>\n<span style=\"font-size: 10pt;\">Freedom Tower<\/span><br \/>\n<span style=\"font-size: 10pt;\">600 Biscayne Boulevard, Second Floor<\/span><br \/>\n<span style=\"font-size: 10pt;\">Miami, FL 33132<\/span><\/p>\n<p>&nbsp;<\/p>\n<p><span style=\"font-size: 10pt;\">_ _ _ __ _ _ _ _ _ _ _ _ _ _ _ _ _ _ _<\/span><\/p>\n<p><span style=\"font-size: 10pt;\"><strong>2020<\/strong><\/span><\/p>\n<p><span style=\"font-size: 10pt;\"><a href=\"https:\/\/patriciavandalen.com\/en\/wp-content\/uploads\/2022\/04\/MDC-taurie-guittings-ZOOM.jpg\" title=\"\" rel=\"lightbox5495\"><img loading=\"lazy\" src=\"https:\/\/patriciavandalen.com\/en\/wp-content\/uploads\/2022\/04\/MDC-taurie-guittings-ZOOM-1024x768.jpg\" alt=\"\" width=\"1024\" height=\"768\" \/><\/a><\/span><\/p>\n<p>&nbsp;<\/p>\n<p><span style=\"font-size: 10pt;\">In April 2020, Patricia Van Dalen conducted the Dynamics of Visual Language workshop online with the students of Professor Taurie Gittings Wheeler from The Humanities Edge department, Miami Dade College.<\/span><\/p>\n<p>&nbsp;<\/p>\n<p><span style=\"font-size: 10pt;\">_ _ _ __ _ _ _ _ _ _ _ _ _ _ _ _ _ _ _<\/span><\/p>\n<p><span style=\"font-size: 10pt;\"><strong>2019<\/strong><\/span><\/p>\n<p><span style=\"font-size: 10pt;\"><a href=\"https:\/\/patriciavandalen.com\/en\/wp-content\/uploads\/2022\/03\/workshop-coral-gables-museum-1-scaled.jpg\" title=\"\" rel=\"lightbox5495\" target=\"_blank\" rel=\"noopener\"><img loading=\"lazy\" src=\"https:\/\/patriciavandalen.com\/en\/wp-content\/uploads\/2022\/03\/workshop-coral-gables-museum-1-1024x768.jpg\" alt=\"\" width=\"1024\" height=\"768\" \/><\/a><\/span><\/p>\n<p>&nbsp;<\/p>\n<p><span style=\"font-size: 10pt;\"><strong>Workshop with the artist<\/strong><\/span><\/p>\n<p><span style=\"font-size: 10pt;\">&#8220;One of the joys of being an artist is having the possibility of conveying the visual language to others through fun education. I love working with children and adults, leading activities that open new experiences with color, shape, lines, trajectories, with different materials.&#8221;<\/span><\/p>\n<p><span style=\"font-size: 10pt;\">In January 2020, Patricia Van Dalen shared with a group of children who worked inspired by her piece &#8220;Estaciones\/Stations&#8221; at the Gables Coral Museum. The mixed-media work was part of the &#8220;For Now: Venezuelan Contemporary Art of the Miami Diaspora&#8221; exhibition at the museum.<\/span><\/p>\n<p>&nbsp;<\/p>\n<p><span style=\"font-size: 10pt;\">_ _ _ __ _ _ _ _ _ _ _ _ _ _ _ _ _ _ _<\/span><\/p>\n<p>&nbsp;<\/p>\n<p><span style=\"font-size: 10pt;\"><a href=\"https:\/\/patriciavandalen.com\/en\/wp-content\/uploads\/2022\/04\/MDC-WORKSHOP-scaled.jpg\" title=\"\" rel=\"lightbox5495\" target=\"_blank\" rel=\"noopener\"><img loading=\"lazy\" src=\"https:\/\/patriciavandalen.com\/en\/wp-content\/uploads\/2022\/04\/MDC-WORKSHOP-1024x768.jpg\" alt=\"\" width=\"1024\" height=\"768\" \/><\/a><\/span><\/p>\n<p>&nbsp;<\/p>\n<p><span style=\"font-size: 10pt;\">In March and September 2019, Patricia Van Dalen was invited to conduct the Dynamics of Visual Language workshop at <strong>Miami Dade College<\/strong>, Eduardo J. Padr\u00f3n Campus, with the students of Professor Taurie Gittings Wheeler from The Humanities Edge department.<\/span><\/p>\n<p>&nbsp;<\/p>\n<p><span style=\"font-size: 10pt;\">_ _ _ __ _ _ _ _ _ _ _ _ _ _ _ _ _ _ _<\/span><\/p>\n<p>&nbsp;<\/p>\n<p><span style=\"font-size: 10pt;\"><a href=\"https:\/\/patriciavandalen.com\/en\/wp-content\/uploads\/2022\/04\/UNADJUSTEDNONRAW_thumb_47502.jpg\" title=\"\" rel=\"lightbox5495\"><img loading=\"lazy\" src=\"https:\/\/patriciavandalen.com\/en\/wp-content\/uploads\/2022\/04\/UNADJUSTEDNONRAW_thumb_47502.jpg\" alt=\"\" width=\"1024\" height=\"768\" \/><\/a><\/span><\/p>\n<p>&nbsp;<\/p>\n<p><span style=\"font-size: 10pt;\">In January and February 2019, Patricia Van Dalen was invited to conduct the Dynamics of Visual Language workshop at <strong>Miami Dade College<\/strong>, Inter-American Campus, with the Visual Rhetoric students of professors Oscar Gonz\u00e1lez and Jos\u00e9 Sebasti\u00e1n Terneus from the Department of Communication, Arts and Philosophy.<\/span><\/p>\n<p>&nbsp;<\/p>\n<p><span style=\"font-size: 10pt;\">_ _ _ __ _ _ _ _ _ _ _ _ _ _ _ _ _ _ _<\/span><\/p>\n<p><span style=\"font-size: 10pt;\"><strong>2017<\/strong><\/span><\/p>\n<p><span style=\"font-size: 10pt;\"><a href=\"https:\/\/patriciavandalen.com\/en\/wp-content\/uploads\/2022\/04\/C4A3D4F6-1026-4DAD-81D2-6EBAF3BC89C2-copy-scaled.jpg\" title=\"\" rel=\"lightbox5495\"><img loading=\"lazy\" src=\"https:\/\/patriciavandalen.com\/en\/wp-content\/uploads\/2022\/04\/C4A3D4F6-1026-4DAD-81D2-6EBAF3BC89C2-copy-1024x767.jpg\" alt=\"\" width=\"1024\" height=\"767\" \/><\/a><\/span><\/p>\n<p>&nbsp;<\/p>\n<div title=\"Page 1\">\n<div>\n<div>\n<div>\n<p><span style=\"font-size: 10pt;\"><strong>Neushop | Working Color: An Interactive Workshop with Patricia Van Dalen<\/strong><\/span><\/p>\n<\/div>\n<\/div>\n<\/div>\n<\/div>\n<p><span style=\"font-size: 10pt;\">Join us on Saturday, March 4th, 2017,\u00a0 to collaborate with visual artist<a href=\"http:\/\/neushop.us9.list-manage1.com\/track\/click?u=35e9bbdf7fe577050c92778d6&amp;id=d8af520276&amp;e=a90a58a571\"> Patricia Van Dalen<\/a>, who will be performing an exercise related to color behavior based on\u00a0<a href=\"http:\/\/neushop.us9.list-manage.com\/track\/click?u=35e9bbdf7fe577050c92778d6&amp;id=492043f4f6&amp;e=a90a58a571\" target=\"_blank\" rel=\"noopener\"> Neushop&#8217;s Oxides Tops Collection<\/a>. Van Dalen\u2019s recent work has been exploring means of production in art that are in a delicate balance between craft and mechanization. Simultaneous to the workshop, Van Dalen will exhibit a series of small stapled works that represent her research on fragmentation and restructuring, and its effects on form, line, space, and color.<\/span><\/p>\n<p>&nbsp;<\/p>\n<p><span style=\"font-size: 10pt;\">_ _ _ __ _ _ _ _ _ _ _ _ _ _ _ _ _ _ _<\/span><\/p>\n<p><span style=\"font-size: 10pt;\"><strong>2014<\/strong><\/span><\/p>\n<p><span style=\"font-size: 10pt;\"><a href=\"https:\/\/patriciavandalen.com\/en\/wp-content\/uploads\/2022\/03\/IMG_1795-scaled.jpg\" title=\"\" rel=\"lightbox5495\" target=\"_blank\" rel=\"noopener\"><img loading=\"lazy\" src=\"https:\/\/patriciavandalen.com\/en\/wp-content\/uploads\/2022\/03\/IMG_1795-1024x768.jpg\" alt=\"\" width=\"1024\" height=\"768\" \/><\/a><\/span><\/p>\n<p>&nbsp;<\/p>\n<p><span style=\"font-size: 10pt;\"><strong>Art in the Garden with Patricia<\/strong><\/span><br \/>\n<span style=\"font-size: 10pt;\">Saturday, June 21st, 2014<\/span><br \/>\n<span style=\"font-size: 10pt;\">3 pm<\/span><br \/>\n<span style=\"font-size: 10pt;\"><a href=\"http:\/\/ntbg.org\/gardens\/kampong.php\" target=\"_blank\" rel=\"noopener\">The Kampong <\/a><a href=\"https:\/\/ntbg.org\/gardens\/kampong\/\" target=\"_blank\" rel=\"noopener\">National Tropical Botanic Garden<\/a><\/span><br \/>\n<span style=\"font-size: 10pt;\">4013 South Douglas Road<\/span><br \/>\n<span style=\"font-size: 10pt;\">Coconut Grove, Florida, USA<\/span><\/p>\n<p>&nbsp;<\/p>\n<p><span style=\"font-size: 10pt;\">_ _ _ __ _ _ _ _ _ _ _ _ _ _ _ _ _ _ _<\/span><\/p>\n<p><span style=\"font-size: 10pt;\"><strong>2013<\/strong><\/span><\/p>\n<p><span style=\"font-size: 10pt;\"><a href=\"https:\/\/patriciavandalen.com\/en\/wp-content\/uploads\/2022\/03\/IMG_1362-scaled.jpg\" title=\"\" rel=\"lightbox5495\" target=\"_blank\" rel=\"noopener\"><img loading=\"lazy\" src=\"https:\/\/patriciavandalen.com\/en\/wp-content\/uploads\/2022\/03\/IMG_1362-1024x765.jpg\" alt=\"\" width=\"1024\" height=\"765\" \/><\/a><\/span><\/p>\n<p>&nbsp;<\/p>\n<p><span style=\"font-size: 10pt;\"><strong>Art workshop with artist Patricia Van Dalen<\/strong><\/span><br \/>\n<span style=\"font-size: 10pt;\">April 2013<\/span><br \/>\n<span style=\"font-size: 10pt;\">KLA School<\/span><br \/>\n<span style=\"font-size: 10pt;\">Pembroke Pine, Florida, USA<\/span><\/p>\n<p>&nbsp;<\/p>\n<p><span style=\"font-size: 10pt;\">_ _ _ __ _ _ _ _ _ _ _ _ _ _ _ _ _ _ _<\/span><\/p>\n<p><span style=\"font-size: 10pt;\"><strong>2010<\/strong><\/span><\/p>\n<p><span style=\"font-size: 10pt;\"><a href=\"https:\/\/patriciavandalen.com\/en\/wp-content\/uploads\/2022\/03\/DSC00324-scaled.jpg\" title=\"\" rel=\"lightbox5495\" target=\"_blank\" rel=\"noopener\"><img loading=\"lazy\" src=\"https:\/\/patriciavandalen.com\/en\/wp-content\/uploads\/2022\/03\/DSC00324-1024x768.jpg\" alt=\"\" width=\"1024\" height=\"768\" \/><\/a><\/span><\/p>\n<p>&nbsp;<\/p>\n<p><span style=\"font-size: 10pt;\"><strong>The Dynamics of Color Workshop at Villa Planchart<\/strong><\/span><\/p>\n<p><span style=\"font-size: 10pt;\">The Dynamics of Color workshops were held in five different editions between 2008 and 2010 at the <a href=\"https:\/\/www.villaplanchart.net\/\">Fundaci\u00f3n\u00a0 El Cerrito \/ Villa Planchart<\/a> in Caracas, Venezuela, the private house from 1957 designed by renowned Italian architect Gio Ponti.<\/span><\/p>\n<p>&nbsp;<\/p>\n<p><span style=\"font-size: 10pt;\">_ _ _ __ _ _ _ _ _ _ _ _ _ _ _ _ _ _ _<\/span><\/p>\n<p><span style=\"font-size: 10pt;\"><strong>2009<\/strong><\/span><\/p>\n<p><span style=\"font-size: 10pt;\"><a href=\"https:\/\/patriciavandalen.com\/en\/wp-content\/uploads\/2022\/04\/DSC01672-scaled.jpg\" title=\"\" rel=\"lightbox5495\"><img loading=\"lazy\" src=\"https:\/\/patriciavandalen.com\/en\/wp-content\/uploads\/2022\/04\/DSC01672-1024x768.jpg\" alt=\"\" width=\"1024\" height=\"768\" \/><\/a><\/span><\/p>\n<p>&nbsp;<\/p>\n<p><span style=\"font-size: 10pt;\"><strong>The Dynamics of Color workshop<\/strong><\/span><br \/>\n<span style=\"font-size: 10pt;\">May 2009<\/span><br \/>\n<span style=\"font-size: 10pt;\">For Muebles Bima employees<\/span><br \/>\n<span style=\"font-size: 10pt;\">Caracas, Venezuela<\/span><\/p>\n<p>&nbsp;<\/p>\n<p><span style=\"font-size: 10pt;\">_ _ _ __ _ _ _ _ _ _ _ _ _ _ _ _ _ _ _<\/span><\/p>\n<p><span style=\"font-size: 10pt;\"><strong>2008<\/strong><\/span><\/p>\n<p><span style=\"font-size: 10pt;\"><a href=\"https:\/\/patriciavandalen.com\/en\/wp-content\/uploads\/2022\/04\/DSC09395-2-scaled.jpg\" title=\"\" rel=\"lightbox5495\"><img loading=\"lazy\" src=\"https:\/\/patriciavandalen.com\/en\/wp-content\/uploads\/2022\/04\/DSC09395-2-1024x768.jpg\" alt=\"\" width=\"1024\" height=\"768\" \/><\/a><\/span><\/p>\n<p>&nbsp;<\/p>\n<p><span style=\"font-size: 10pt;\"><strong>The Dynamics of Color workshop with Patricia Van Dalen<\/strong><\/span><br \/>\n<span style=\"font-size: 10pt;\">August 2008<\/span><br \/>\n<span style=\"font-size: 10pt;\">For children of employees at Shell Corporation corporate offices<\/span><br \/>\n<span style=\"font-size: 10pt;\">Caracas, Venezuela<\/span><\/p>\n<p>&nbsp;<\/p>\n<p><span style=\"font-size: 10pt;\">_ _ _ __ _ _ _ _ _ _ _ _ _ _ _ _ _ _ _<\/span><\/p>\n<p><span style=\"font-size: 10pt;\"><strong>2003<\/strong><\/span><\/p>\n<p><span style=\"font-size: 10pt;\"><a href=\"https:\/\/patriciavandalen.com\/en\/wp-content\/uploads\/2022\/04\/DSC00027.jpg\" title=\"\" rel=\"lightbox5495\"><img loading=\"lazy\" src=\"https:\/\/patriciavandalen.com\/en\/wp-content\/uploads\/2022\/04\/DSC00027-1024x768.jpg\" alt=\"\" width=\"1024\" height=\"768\" \/><\/a><\/span><\/p>\n<p>&nbsp;<\/p>\n<p><span style=\"font-size: 10pt;\"><strong>The Dynamics of Color workshop<\/strong><\/span><br \/>\n<span style=\"font-size: 10pt;\">August 2003<\/span><br \/>\n<span style=\"font-size: 10pt;\">For ACCENTURE executives<\/span><br \/>\n<span style=\"font-size: 10pt;\">Hacienda Ibarra, Caracas, Venezuela<\/span><\/p>\n<p>&nbsp;<\/p>\n<p><span style=\"font-size: 10pt;\">_ _ _ __ _ _ _ _ _ _ _ _ _ _ _ _ _ _ _<\/span><\/p>\n<p>&nbsp;<\/p>\n<p><span style=\"font-size: 10pt;\"><a href=\"https:\/\/patriciavandalen.com\/en\/wp-content\/uploads\/2022\/03\/PRISMA-scaled.jpg\" title=\"\" rel=\"lightbox5495\"><img loading=\"lazy\" src=\"https:\/\/patriciavandalen.com\/en\/wp-content\/uploads\/2022\/03\/PRISMA-1024x773.jpg\" alt=\"\" width=\"1024\" height=\"773\" \/><\/a><\/span><\/p>\n<p>&nbsp;<\/p>\n<p><span style=\"font-size: 10pt;\"><em>In the 1660s, the dispersion of white light into colors by a prism led Sir Isaac Newton to conclude that white light consisted of a mixture of different colors.<\/em><\/span><\/p>\n<p>&nbsp;<\/p>\n<p><span style=\"font-size: 36pt;\"><a href=\"https:\/\/patriciavandalen.com\/en\/easter-egg-2\/\"><span style=\"color: #ff6600;\">*<\/span><\/a><\/span><\/p>\n","protected":false},"excerpt":{"rendered":"<p>2026 Next event: II Conversation on Color (in Spanish) As you may know, I&#8217;ve been an educator since the 1980s in various formats: as a full-time Color teacher and by leading workshops on color as a subject and on visual language, grammar, and culture. Our second informal Zoom conversation on Color will be in Spanish. [&hellip;]<\/p>\n","protected":false},"author":3,"featured_media":0,"parent":0,"menu_order":0,"comment_status":"closed","ping_status":"closed","template":"page-full.php","meta":[],"_links":{"self":[{"href":"https:\/\/patriciavandalen.com\/en\/wp-json\/wp\/v2\/pages\/5495"}],"collection":[{"href":"https:\/\/patriciavandalen.com\/en\/wp-json\/wp\/v2\/pages"}],"about":[{"href":"https:\/\/patriciavandalen.com\/en\/wp-json\/wp\/v2\/types\/page"}],"author":[{"embeddable":true,"href":"https:\/\/patriciavandalen.com\/en\/wp-json\/wp\/v2\/users\/3"}],"replies":[{"embeddable":true,"href":"https:\/\/patriciavandalen.com\/en\/wp-json\/wp\/v2\/comments?post=5495"}],"version-history":[{"count":358,"href":"https:\/\/patriciavandalen.com\/en\/wp-json\/wp\/v2\/pages\/5495\/revisions"}],"predecessor-version":[{"id":8327,"href":"https:\/\/patriciavandalen.com\/en\/wp-json\/wp\/v2\/pages\/5495\/revisions\/8327"}],"wp:attachment":[{"href":"https:\/\/patriciavandalen.com\/en\/wp-json\/wp\/v2\/media?parent=5495"}],"curies":[{"name":"wp","href":"https:\/\/api.w.org\/{rel}","templated":true}]}}