{"id":13,"date":"2014-03-21T20:12:29","date_gmt":"2014-03-22T00:42:29","guid":{"rendered":"http:\/\/patriciavandalen.com\/en\/?page_id=13"},"modified":"2025-07-08T12:19:04","modified_gmt":"2025-07-08T16:19:04","slug":"contact","status":"publish","type":"page","link":"https:\/\/patriciavandalen.com\/en\/contact\/","title":{"rendered":"Contact"},"content":{"rendered":"<div role=\"form\" class=\"wpcf7\" id=\"wpcf7-f183-o1\" lang=\"en-US\" dir=\"ltr\">\n<div class=\"screen-reader-response\"><p role=\"status\" aria-live=\"polite\" aria-atomic=\"true\"><\/p> <ul><\/ul><\/div>\n<form action=\"\/en\/wp-json\/wp\/v2\/pages\/13#wpcf7-f183-o1\" method=\"post\" class=\"wpcf7-form init\" novalidate=\"novalidate\" data-status=\"init\">\n<div style=\"display: none;\">\n<input type=\"hidden\" name=\"_wpcf7\" value=\"183\" \/>\n<input type=\"hidden\" name=\"_wpcf7_version\" value=\"5.4.1\" \/>\n<input type=\"hidden\" name=\"_wpcf7_locale\" value=\"en_US\" \/>\n<input type=\"hidden\" name=\"_wpcf7_unit_tag\" value=\"wpcf7-f183-o1\" \/>\n<input type=\"hidden\" name=\"_wpcf7_container_post\" value=\"0\" \/>\n<input type=\"hidden\" name=\"_wpcf7_posted_data_hash\" value=\"\" \/>\n<input type=\"hidden\" name=\"_wpcf7_recaptcha_response\" value=\"\" \/>\n<\/div>\n<p>First and Last Name<br \/>\n<span class=\"wpcf7-form-control-wrap your-name\"><input type=\"text\" name=\"your-name\" value=\"\" size=\"40\" class=\"wpcf7-form-control wpcf7-text wpcf7-validates-as-required\" aria-required=\"true\" aria-invalid=\"false\" \/><\/span><br \/>\nEmail<br \/>\n<span class=\"wpcf7-form-control-wrap your-email\"><input type=\"email\" name=\"your-email\" value=\"\" size=\"40\" class=\"wpcf7-form-control wpcf7-text wpcf7-email wpcf7-validates-as-required wpcf7-validates-as-email\" aria-required=\"true\" aria-invalid=\"false\" \/><\/span><br \/>\nMessage<br \/>\n<span class=\"wpcf7-form-control-wrap your-message\"><textarea name=\"your-message\" cols=\"40\" rows=\"10\" class=\"wpcf7-form-control wpcf7-textarea\" aria-invalid=\"false\"><\/textarea><\/span><br \/>\n<input type=\"hidden\" name=\"_wpcf7_captcha_challenge_captcha-583\" value=\"2473845910\" \/><img class=\"wpcf7-form-control wpcf7-captchac wpcf7-captcha-captcha-583\" width=\"72\" height=\"24\" alt=\"captcha\" src=\"https:\/\/patriciavandalen.com\/en\/wp-content\/uploads\/wpcf7_captcha\/2473845910.png\" \/> <span class=\"wpcf7-form-control-wrap captcha-583\"><input type=\"text\" name=\"captcha-583\" value=\"\" size=\"40\" class=\"wpcf7-form-control wpcf7-captchar\" autocomplete=\"off\" aria-invalid=\"false\" \/><\/span><br \/>\n<input type=\"submit\" value=\"Send\" class=\"wpcf7-form-control wpcf7-submit\" \/><\/p>\n<p style=\"display: none !important;\"><label>&#916;<textarea name=\"_wpcf7_ak_hp_textarea\" cols=\"45\" rows=\"8\" maxlength=\"100\"><\/textarea><\/label><input type=\"hidden\" id=\"ak_js_1\" name=\"_wpcf7_ak_js\" value=\"197\"\/><script>document.getElementById( \"ak_js_1\" ).setAttribute( \"value\", ( new Date() ).getTime() );<\/script><\/p><div class=\"wpcf7-response-output\" aria-hidden=\"true\"><\/div><\/form><\/div>\n<p><span style=\"font-size: 8pt;\"><strong>Graphic Design<\/strong>\u00a0 Cograf, and Fonte: C\u00e9sar Jara, Ra\u00fal Lira<\/span><\/p>\n<p><span style=\"font-size: 8pt;\"><strong>Web content editor<\/strong>\u00a0 Raquel Abend van Dalen<\/span><\/p>\n<p><span style=\"font-size: 8pt;\"><strong>Programming advisor\u00a0<\/strong> Rub\u00e9n Zilzer<\/span><\/p>\n<p><span style=\"font-size: 8pt;\"><strong>Translations<\/strong> Malina Gallac de Vallenilla, Michel Otayek, Ricardo Abend Van Dalen<\/span><\/p>\n<p><span style=\"font-size: 8pt;\"><strong>Photography<\/strong> \u00a0 Vladimir Sersa, Adrian Barros, Abel Naim, M\u00f3nica Garc\u00eda, Julio Serrano, Rodr\u00edgo Benavides, Carlos Germ\u00e1n Rojas, Olga Luc\u00eda Jordan, Carlos Beltr\u00e1n, Miguel Angel Clemente, Giampiero Pierucci, Vieri Tomaselli, Carla Dazarola, Ana Luisa Figueredo, Fernando Delgado, Valentina Alvarez, David Maris, Ricardo Abend Van Dalen, Efr\u00e9n Hern\u00e1ndez, Charlie Riera, Manuel Sard\u00e1, Carlos Pierucci, Benjamin Thacker, Lynda La Rocca, Agust\u00edn Villasana, Juan Vicente Oropeza, Artmedia Gallery, Violette Bule, Norkis Arias, Gio Maldonado, Oriol Tarridas<\/span><\/p>\n<p><span style=\"font-size: 8pt;\"><span class=\"texto\"> Reproduction and\/ or public communication of the material included in this web page is prohibited without previous acceptance by the intellectual rightsholder<\/span>.<\/span><\/p>\n<p><img loading=\"lazy\" class=\"alignleft\" src=\"https:\/\/patriciavandalen.com\/en\/wp-content\/uploads\/2023\/08\/redes.png\" alt=\"\" usemap=\"#redescf6b2150\" width=\"150\" height=\"30\" border=\"0\" \/><a href=\"https:\/\/www.instagram.com\/patricia.van.dalen\" target=\"_blank\" rel=\"noopener\" data-wp-editing=\"1\"><img loading=\"lazy\" class=\"alignnone wp-image-4348\" src=\"http:\/\/patriciavandalen.com\/es\/wp-content\/uploads\/2014\/04\/instagrama-home-web.jpg\" title=\"\" rel=\"lightbox13\" alt=\"\" width=\"29\" height=\"29\" \/><\/a><\/p>\n<map name=\"redescf6b2150\">\n<area alt=\"\" coords=\"184,4,219,26\" shape=\"rect\" href=\"#\" \/>\n<area alt=\"\" coords=\"50,33,86,55\" shape=\"rect\" href=\"#\" \/>\n<area alt=\"\" coords=\"116,3,147,25\" shape=\"rect\" href=\"http:\/\/vimeo.com\/user5410747\" \/>\n<area alt=\"\" coords=\"75,3,103,25\" shape=\"rect\" href=\"https:\/\/www.youtube.com\/channel\/UC4PWZJdX-9VZtGU45aYBkTw\" \/>\n<area alt=\"\" coords=\"37,3,64,25\" shape=\"rect\" href=\"https:\/\/www.linkedin.com\/in\/patricia-van-dalen-b437a65\/\" \/>\n<area alt=\"\" coords=\"1,3,27,25\" shape=\"rect\" href=\"https:\/\/www.facebook.com\/PatriciaVanDalen\" \/>\n<area alt=\"\" coords=\"1,3,27,25\" shape=\"rect\" href=\"https:\/\/www.instagram.com\/patricia.van.dalen\" \/> <\/map>\n","protected":false},"excerpt":{"rendered":"<p>Graphic Design\u00a0 Cograf, and Fonte: C\u00e9sar Jara, Ra\u00fal Lira Web content editor\u00a0 Raquel Abend van Dalen Programming advisor\u00a0 Rub\u00e9n Zilzer Translations Malina Gallac de Vallenilla, Michel Otayek, Ricardo Abend Van Dalen Photography \u00a0 Vladimir Sersa, Adrian Barros, Abel Naim, M\u00f3nica Garc\u00eda, Julio Serrano, Rodr\u00edgo Benavides, Carlos Germ\u00e1n Rojas, Olga Luc\u00eda Jordan, Carlos Beltr\u00e1n, Miguel Angel [&hellip;]<\/p>\n","protected":false},"author":1,"featured_media":0,"parent":0,"menu_order":0,"comment_status":"open","ping_status":"closed","template":"page-full.php","meta":[],"_links":{"self":[{"href":"https:\/\/patriciavandalen.com\/en\/wp-json\/wp\/v2\/pages\/13"}],"collection":[{"href":"https:\/\/patriciavandalen.com\/en\/wp-json\/wp\/v2\/pages"}],"about":[{"href":"https:\/\/patriciavandalen.com\/en\/wp-json\/wp\/v2\/types\/page"}],"author":[{"embeddable":true,"href":"https:\/\/patriciavandalen.com\/en\/wp-json\/wp\/v2\/users\/1"}],"replies":[{"embeddable":true,"href":"https:\/\/patriciavandalen.com\/en\/wp-json\/wp\/v2\/comments?post=13"}],"version-history":[{"count":69,"href":"https:\/\/patriciavandalen.com\/en\/wp-json\/wp\/v2\/pages\/13\/revisions"}],"predecessor-version":[{"id":8021,"href":"https:\/\/patriciavandalen.com\/en\/wp-json\/wp\/v2\/pages\/13\/revisions\/8021"}],"wp:attachment":[{"href":"https:\/\/patriciavandalen.com\/en\/wp-json\/wp\/v2\/media?parent=13"}],"curies":[{"name":"wp","href":"https:\/\/api.w.org\/{rel}","templated":true}]}}